{"id":29,"date":"2018-12-17T16:03:02","date_gmt":"2018-12-17T15:03:02","guid":{"rendered":"http:\/\/yakoop.home.pl\/gavi2\/?page_id=29"},"modified":"2024-02-13T00:15:02","modified_gmt":"2024-02-12T23:15:02","slug":"strona-glowna","status":"publish","type":"page","link":"https:\/\/gabrielavisconti.eu\/","title":{"rendered":"Strona g\u0142\u00f3wna"},"content":{"rendered":"<div class=\"col-md-5\">\n<h3>O Gabrieli Visconti<\/h3>\n<p>Firma Gabriela Visconti powsta\u0142a w 1995 roku. Od pocz\u0105tku naszym za\u0142o\u017ceniem by\u0142a ma\u0142a rodzinna firma, stawiaj\u0105ca na jako\u015b\u0107 produkt\u00f3w. W tym momencie jeste\u015bmy ponad 30 osobowym zespo\u0142em. Wszystkie ubrania szyjemy w Polsce, w kilku ma\u0142ych zak\u0142adach. Specjalizujemy si\u0119 w modzie plus size &#8211; szyjemy g\u0142\u00f3wnie od rozmiaru 44 wzwy\u017c. Od kilku lat mo\u017cna nas znale\u017a\u0107 r\u00f3wnie\u017c online na stronie <a href=\"https:\/\/www.szafaani.pl\">www.szafaani.pl<\/a><\/p>\n<\/div>\n","protected":false},"excerpt":{"rendered":"<p>O Gabrieli Visconti Firma Gabriela Visconti powsta\u0142a w 1995 roku. Od pocz\u0105tku naszym za\u0142o\u017ceniem by\u0142a ma\u0142a rodzinna firma, stawiaj\u0105ca na jako\u015b\u0107 produkt\u00f3w. W tym momencie jeste\u015bmy ponad 30 osobowym zespo\u0142em. Wszystkie ubrania szyjemy w Polsce, w kilku ma\u0142ych zak\u0142adach. Specjalizujemy si\u0119 w modzie plus size &#8211; szyjemy g\u0142\u00f3wnie od rozmiaru<a class=\"moretag\" href=\"https:\/\/gabrielavisconti.eu\/\"> Czytaj wi\u0119cej<\/a><\/p>\n","protected":false},"author":1,"featured_media":0,"parent":0,"menu_order":0,"comment_status":"closed","ping_status":"closed","template":"","meta":{"footnotes":""},"class_list":["post-29","page","type-page","status-publish","hentry"],"jetpack_sharing_enabled":true,"_links":{"self":[{"href":"https:\/\/gabrielavisconti.eu\/index.php\/wp-json\/wp\/v2\/pages\/29","targetHints":{"allow":["GET"]}}],"collection":[{"href":"https:\/\/gabrielavisconti.eu\/index.php\/wp-json\/wp\/v2\/pages"}],"about":[{"href":"https:\/\/gabrielavisconti.eu\/index.php\/wp-json\/wp\/v2\/types\/page"}],"author":[{"embeddable":true,"href":"https:\/\/gabrielavisconti.eu\/index.php\/wp-json\/wp\/v2\/users\/1"}],"replies":[{"embeddable":true,"href":"https:\/\/gabrielavisconti.eu\/index.php\/wp-json\/wp\/v2\/comments?post=29"}],"version-history":[{"count":5,"href":"https:\/\/gabrielavisconti.eu\/index.php\/wp-json\/wp\/v2\/pages\/29\/revisions"}],"predecessor-version":[{"id":196,"href":"https:\/\/gabrielavisconti.eu\/index.php\/wp-json\/wp\/v2\/pages\/29\/revisions\/196"}],"wp:attachment":[{"href":"https:\/\/gabrielavisconti.eu\/index.php\/wp-json\/wp\/v2\/media?parent=29"}],"curies":[{"name":"wp","href":"https:\/\/api.w.org\/{rel}","templated":true}]}}